{"id":51,"date":"2022-08-15T00:46:12","date_gmt":"2022-08-15T00:46:12","guid":{"rendered":"http:\/\/virginiademedeiros.com.br\/?page_id=51"},"modified":"2024-11-21T20:31:48","modified_gmt":"2024-11-21T20:31:48","slug":"obras","status":"publish","type":"page","link":"https:\/\/virginiademedeiros.com.br\/en\/obras\/","title":{"rendered":"Works"},"content":{"rendered":"","protected":false},"excerpt":{"rendered":"","protected":false},"author":1,"featured_media":0,"parent":0,"menu_order":2,"comment_status":"closed","ping_status":"closed","template":"","meta":{"inline_featured_image":false,"footnotes":""},"class_list":["post-51","page","type-page","status-publish","hentry"],"yoast_head":"<!-- This site is optimized with the Yoast SEO plugin v27.3 - https:\/\/yoast.com\/product\/yoast-seo-wordpress\/ -->\n<title>Obras - Virginia de Medeiros<\/title>\n<meta name=\"description\" content=\"O trabalho da artista Virginia de Medeiros converge de estrat\u00e9gias documentais, para ir al\u00e9m do testemunho, questionando os limites entre realidade e fic\u00e7\u00e3o. A artista lida com tr\u00eas pressupostos comuns aos campos da arte e do document\u00e1rio: o deslocamento, a participa\u00e7\u00e3o e a fabula\u00e7\u00e3o.\" \/>\n<meta name=\"robots\" content=\"index, follow, max-snippet:-1, max-image-preview:large, max-video-preview:-1\" \/>\n<link rel=\"canonical\" href=\"https:\/\/virginiademedeiros.com.br\/en\/obras\/\" \/>\n<meta property=\"og:locale\" content=\"en_US\" \/>\n<meta property=\"og:type\" content=\"article\" \/>\n<meta property=\"og:title\" content=\"Obras - Virginia de Medeiros\" \/>\n<meta property=\"og:description\" content=\"O trabalho da artista Virginia de Medeiros converge de estrat\u00e9gias documentais, para ir al\u00e9m do testemunho, questionando os limites entre realidade e fic\u00e7\u00e3o. A artista lida com tr\u00eas pressupostos comuns aos campos da arte e do document\u00e1rio: o deslocamento, a participa\u00e7\u00e3o e a fabula\u00e7\u00e3o.\" \/>\n<meta property=\"og:url\" content=\"https:\/\/virginiademedeiros.com.br\/en\/obras\/\" \/>\n<meta property=\"og:site_name\" content=\"Virginia de Medeiros\" \/>\n<meta property=\"article:modified_time\" content=\"2024-11-21T20:31:48+00:00\" \/>\n<meta name=\"twitter:card\" content=\"summary_large_image\" \/>\n<meta name=\"twitter:label1\" content=\"Est. reading time\" \/>\n\t<meta name=\"twitter:data1\" content=\"3 minutes\" \/>\n<script type=\"application\/ld+json\" class=\"yoast-schema-graph\">{\"@context\":\"https:\\\/\\\/schema.org\",\"@graph\":[{\"@type\":\"WebPage\",\"@id\":\"https:\\\/\\\/virginiademedeiros.com.br\\\/obras\\\/\",\"url\":\"https:\\\/\\\/virginiademedeiros.com.br\\\/obras\\\/\",\"name\":\"Obras - Virginia de Medeiros\",\"isPartOf\":{\"@id\":\"https:\\\/\\\/virginiademedeiros.com.br\\\/#website\"},\"datePublished\":\"2022-08-15T00:46:12+00:00\",\"dateModified\":\"2024-11-21T20:31:48+00:00\",\"description\":\"O trabalho da artista Virginia de Medeiros converge de estrat\u00e9gias documentais, para ir al\u00e9m do testemunho, questionando os limites entre realidade e fic\u00e7\u00e3o. A artista lida com tr\u00eas pressupostos comuns aos campos da arte e do document\u00e1rio: o deslocamento, a participa\u00e7\u00e3o e a fabula\u00e7\u00e3o.\",\"breadcrumb\":{\"@id\":\"https:\\\/\\\/virginiademedeiros.com.br\\\/obras\\\/#breadcrumb\"},\"inLanguage\":\"en-US\",\"potentialAction\":[{\"@type\":\"ReadAction\",\"target\":[\"https:\\\/\\\/virginiademedeiros.com.br\\\/obras\\\/\"]}]},{\"@type\":\"BreadcrumbList\",\"@id\":\"https:\\\/\\\/virginiademedeiros.com.br\\\/obras\\\/#breadcrumb\",\"itemListElement\":[{\"@type\":\"ListItem\",\"position\":1,\"name\":\"In\u00edcio\",\"item\":\"https:\\\/\\\/virginiademedeiros.com.br\\\/\"},{\"@type\":\"ListItem\",\"position\":2,\"name\":\"Obras\"}]},{\"@type\":\"WebSite\",\"@id\":\"https:\\\/\\\/virginiademedeiros.com.br\\\/#website\",\"url\":\"https:\\\/\\\/virginiademedeiros.com.br\\\/\",\"name\":\"Virginia de Medeiros\",\"description\":\"O trabalho da artista Virginia de Medeiros converge de estrat\u00e9gias documentais, para ir al\u00e9m do testemunho, questionando os limites entre realidade e fic\u00e7\u00e3o.\",\"publisher\":{\"@id\":\"https:\\\/\\\/virginiademedeiros.com.br\\\/#\\\/schema\\\/person\\\/63cc7c812db5b2562688a6fb4dc42969\"},\"potentialAction\":[{\"@type\":\"SearchAction\",\"target\":{\"@type\":\"EntryPoint\",\"urlTemplate\":\"https:\\\/\\\/virginiademedeiros.com.br\\\/?s={search_term_string}\"},\"query-input\":{\"@type\":\"PropertyValueSpecification\",\"valueRequired\":true,\"valueName\":\"search_term_string\"}}],\"inLanguage\":\"en-US\"},{\"@type\":[\"Person\",\"Organization\"],\"@id\":\"https:\\\/\\\/virginiademedeiros.com.br\\\/#\\\/schema\\\/person\\\/63cc7c812db5b2562688a6fb4dc42969\",\"name\":\"admin\",\"image\":{\"@type\":\"ImageObject\",\"inLanguage\":\"en-US\",\"@id\":\"https:\\\/\\\/virginiademedeiros.com.br\\\/wp-content\\\/uploads\\\/virginia-de-medeiros-640x610-1.jpg\",\"url\":\"https:\\\/\\\/virginiademedeiros.com.br\\\/wp-content\\\/uploads\\\/virginia-de-medeiros-640x610-1.jpg\",\"contentUrl\":\"https:\\\/\\\/virginiademedeiros.com.br\\\/wp-content\\\/uploads\\\/virginia-de-medeiros-640x610-1.jpg\",\"width\":640,\"height\":610,\"caption\":\"admin\"},\"logo\":{\"@id\":\"https:\\\/\\\/virginiademedeiros.com.br\\\/wp-content\\\/uploads\\\/virginia-de-medeiros-640x610-1.jpg\"},\"sameAs\":[\"http:\\\/\\\/virginiademedeiros.com.br\"]}]}<\/script>\n<!-- \/ Yoast SEO plugin. -->","yoast_head_json":{"title":"Obras - Virginia de Medeiros","description":"O trabalho da artista Virginia de Medeiros converge de estrat\u00e9gias documentais, para ir al\u00e9m do testemunho, questionando os limites entre realidade e fic\u00e7\u00e3o. A artista lida com tr\u00eas pressupostos comuns aos campos da arte e do document\u00e1rio: o deslocamento, a participa\u00e7\u00e3o e a fabula\u00e7\u00e3o.","robots":{"index":"index","follow":"follow","max-snippet":"max-snippet:-1","max-image-preview":"max-image-preview:large","max-video-preview":"max-video-preview:-1"},"canonical":"https:\/\/virginiademedeiros.com.br\/en\/obras\/","og_locale":"en_US","og_type":"article","og_title":"Obras - Virginia de Medeiros","og_description":"O trabalho da artista Virginia de Medeiros converge de estrat\u00e9gias documentais, para ir al\u00e9m do testemunho, questionando os limites entre realidade e fic\u00e7\u00e3o. A artista lida com tr\u00eas pressupostos comuns aos campos da arte e do document\u00e1rio: o deslocamento, a participa\u00e7\u00e3o e a fabula\u00e7\u00e3o.","og_url":"https:\/\/virginiademedeiros.com.br\/en\/obras\/","og_site_name":"Virginia de Medeiros","article_modified_time":"2024-11-21T20:31:48+00:00","twitter_card":"summary_large_image","twitter_misc":{"Est. reading time":"3 minutes"},"schema":{"@context":"https:\/\/schema.org","@graph":[{"@type":"WebPage","@id":"https:\/\/virginiademedeiros.com.br\/obras\/","url":"https:\/\/virginiademedeiros.com.br\/obras\/","name":"Obras - Virginia de Medeiros","isPartOf":{"@id":"https:\/\/virginiademedeiros.com.br\/#website"},"datePublished":"2022-08-15T00:46:12+00:00","dateModified":"2024-11-21T20:31:48+00:00","description":"O trabalho da artista Virginia de Medeiros converge de estrat\u00e9gias documentais, para ir al\u00e9m do testemunho, questionando os limites entre realidade e fic\u00e7\u00e3o. A artista lida com tr\u00eas pressupostos comuns aos campos da arte e do document\u00e1rio: o deslocamento, a participa\u00e7\u00e3o e a fabula\u00e7\u00e3o.","breadcrumb":{"@id":"https:\/\/virginiademedeiros.com.br\/obras\/#breadcrumb"},"inLanguage":"en-US","potentialAction":[{"@type":"ReadAction","target":["https:\/\/virginiademedeiros.com.br\/obras\/"]}]},{"@type":"BreadcrumbList","@id":"https:\/\/virginiademedeiros.com.br\/obras\/#breadcrumb","itemListElement":[{"@type":"ListItem","position":1,"name":"In\u00edcio","item":"https:\/\/virginiademedeiros.com.br\/"},{"@type":"ListItem","position":2,"name":"Obras"}]},{"@type":"WebSite","@id":"https:\/\/virginiademedeiros.com.br\/#website","url":"https:\/\/virginiademedeiros.com.br\/","name":"Virginia de Medeiros","description":"O trabalho da artista Virginia de Medeiros converge de estrat\u00e9gias documentais, para ir al\u00e9m do testemunho, questionando os limites entre realidade e fic\u00e7\u00e3o.","publisher":{"@id":"https:\/\/virginiademedeiros.com.br\/#\/schema\/person\/63cc7c812db5b2562688a6fb4dc42969"},"potentialAction":[{"@type":"SearchAction","target":{"@type":"EntryPoint","urlTemplate":"https:\/\/virginiademedeiros.com.br\/?s={search_term_string}"},"query-input":{"@type":"PropertyValueSpecification","valueRequired":true,"valueName":"search_term_string"}}],"inLanguage":"en-US"},{"@type":["Person","Organization"],"@id":"https:\/\/virginiademedeiros.com.br\/#\/schema\/person\/63cc7c812db5b2562688a6fb4dc42969","name":"admin","image":{"@type":"ImageObject","inLanguage":"en-US","@id":"https:\/\/virginiademedeiros.com.br\/wp-content\/uploads\/virginia-de-medeiros-640x610-1.jpg","url":"https:\/\/virginiademedeiros.com.br\/wp-content\/uploads\/virginia-de-medeiros-640x610-1.jpg","contentUrl":"https:\/\/virginiademedeiros.com.br\/wp-content\/uploads\/virginia-de-medeiros-640x610-1.jpg","width":640,"height":610,"caption":"admin"},"logo":{"@id":"https:\/\/virginiademedeiros.com.br\/wp-content\/uploads\/virginia-de-medeiros-640x610-1.jpg"},"sameAs":["http:\/\/virginiademedeiros.com.br"]}]}},"_links":{"self":[{"href":"https:\/\/virginiademedeiros.com.br\/en\/wp-json\/wp\/v2\/pages\/51","targetHints":{"allow":["GET"]}}],"collection":[{"href":"https:\/\/virginiademedeiros.com.br\/en\/wp-json\/wp\/v2\/pages"}],"about":[{"href":"https:\/\/virginiademedeiros.com.br\/en\/wp-json\/wp\/v2\/types\/page"}],"author":[{"embeddable":true,"href":"https:\/\/virginiademedeiros.com.br\/en\/wp-json\/wp\/v2\/users\/1"}],"replies":[{"embeddable":true,"href":"https:\/\/virginiademedeiros.com.br\/en\/wp-json\/wp\/v2\/comments?post=51"}],"version-history":[{"count":1,"href":"https:\/\/virginiademedeiros.com.br\/en\/wp-json\/wp\/v2\/pages\/51\/revisions"}],"predecessor-version":[{"id":52,"href":"https:\/\/virginiademedeiros.com.br\/en\/wp-json\/wp\/v2\/pages\/51\/revisions\/52"}],"wp:attachment":[{"href":"https:\/\/virginiademedeiros.com.br\/en\/wp-json\/wp\/v2\/media?parent=51"}],"curies":[{"name":"wp","href":"https:\/\/api.w.org\/{rel}","templated":true}]}}